{"id":278,"date":"2025-06-23T13:23:54","date_gmt":"2025-06-23T13:23:54","guid":{"rendered":"https:\/\/bhmetalspro.com\/?page_id=278"},"modified":"2025-08-03T08:18:19","modified_gmt":"2025-08-03T08:18:19","slug":"fabricacion-de-pernos-y-anclajes","status":"publish","type":"page","link":"https:\/\/bhmetalspro.com\/index.php\/fabricacion-de-pernos-y-anclajes\/","title":{"rendered":"Fabricaci\u00f3n de Pernos y Anclajes"},"content":{"rendered":"\n<figure class=\"wp-block-image alignfull size-large\"><img loading=\"lazy\" decoding=\"async\" width=\"1024\" height=\"284\" src=\"https:\/\/bhmetalspro.com\/wp-content\/uploads\/2025\/06\/Banner-Interna-Fabricacion-1024x284.webp\" alt=\"\" class=\"wp-image-281\" srcset=\"https:\/\/bhmetalspro.com\/wp-content\/uploads\/2025\/06\/Banner-Interna-Fabricacion-1024x284.webp 1024w, https:\/\/bhmetalspro.com\/wp-content\/uploads\/2025\/06\/Banner-Interna-Fabricacion-300x83.webp 300w, https:\/\/bhmetalspro.com\/wp-content\/uploads\/2025\/06\/Banner-Interna-Fabricacion-768x213.webp 768w, https:\/\/bhmetalspro.com\/wp-content\/uploads\/2025\/06\/Banner-Interna-Fabricacion-1536x426.webp 1536w, https:\/\/bhmetalspro.com\/wp-content\/uploads\/2025\/06\/Banner-Interna-Fabricacion.webp 1920w\" sizes=\"auto, (max-width: 1024px) 100vw, 1024px\" \/><\/figure>\n\n\n\n<h2 class=\"wp-block-heading\">Fabricamos pernos y anclajes a medida<\/h2>\n\n\n\n<p>La fabricaci\u00f3n de pernos y anclajes es un proceso cr\u00edtico en la industria metalmec\u00e1nica, ya que estas piezas son fundamentales para garantizar la seguridad y estabilidad en estructuras.<\/p>\n\n\n<style>.kb-row-layout-id278_372288-50 > .kt-row-column-wrap{align-content:start;}:where(.kb-row-layout-id278_372288-50 > .kt-row-column-wrap) > .wp-block-kadence-column{justify-content:start;}.kb-row-layout-id278_372288-50 > .kt-row-column-wrap{column-gap:var(--global-kb-gap-md, 2rem);row-gap:var(--global-kb-gap-md, 2rem);padding-top:var(--global-kb-spacing-sm, 1.5rem);padding-bottom:var(--global-kb-spacing-sm, 1.5rem);grid-template-columns:repeat(2, minmax(0, 1fr));}.kb-row-layout-id278_372288-50 > .kt-row-layout-overlay{opacity:0.30;}@media all and (max-width: 1024px){.kb-row-layout-id278_372288-50 > .kt-row-column-wrap{grid-template-columns:repeat(2, minmax(0, 1fr));}}@media all and (max-width: 767px){.kb-row-layout-id278_372288-50 > .kt-row-column-wrap{grid-template-columns:minmax(0, 1fr);}}<\/style><div class=\"kb-row-layout-wrap kb-row-layout-id278_372288-50 alignnone wp-block-kadence-rowlayout\"><div class=\"kt-row-column-wrap kt-has-2-columns kt-row-layout-equal kt-tab-layout-inherit kt-mobile-layout-row kt-row-valign-top\">\n<style>.kadence-column278_32f78f-d3 > .kt-inside-inner-col,.kadence-column278_32f78f-d3 > .kt-inside-inner-col:before{border-top-left-radius:0px;border-top-right-radius:0px;border-bottom-right-radius:0px;border-bottom-left-radius:0px;}.kadence-column278_32f78f-d3 > .kt-inside-inner-col{column-gap:var(--global-kb-gap-sm, 1rem);}.kadence-column278_32f78f-d3 > .kt-inside-inner-col{flex-direction:column;}.kadence-column278_32f78f-d3 > .kt-inside-inner-col > .aligncenter{width:100%;}.kadence-column278_32f78f-d3 > .kt-inside-inner-col:before{opacity:0.3;}.kadence-column278_32f78f-d3{position:relative;}@media all and (max-width: 1024px){.kadence-column278_32f78f-d3 > .kt-inside-inner-col{flex-direction:column;justify-content:center;}}@media all and (max-width: 767px){.kadence-column278_32f78f-d3 > .kt-inside-inner-col{flex-direction:column;justify-content:center;}}<\/style>\n<div class=\"wp-block-kadence-column kadence-column278_32f78f-d3\"><div class=\"kt-inside-inner-col\">\n<figure class=\"wp-block-image size-full\"><img loading=\"lazy\" decoding=\"async\" width=\"733\" height=\"596\" src=\"https:\/\/bhmetalspro.com\/wp-content\/uploads\/2025\/08\/Correcion-1-1.webp\" alt=\"\" class=\"wp-image-641\" srcset=\"https:\/\/bhmetalspro.com\/wp-content\/uploads\/2025\/08\/Correcion-1-1.webp 733w, https:\/\/bhmetalspro.com\/wp-content\/uploads\/2025\/08\/Correcion-1-1-300x244.webp 300w\" sizes=\"auto, (max-width: 733px) 100vw, 733px\" \/><\/figure>\n<\/div><\/div>\n\n\n<style>.kadence-column278_74f34a-a2 > .kt-inside-inner-col,.kadence-column278_74f34a-a2 > .kt-inside-inner-col:before{border-top-left-radius:0px;border-top-right-radius:0px;border-bottom-right-radius:0px;border-bottom-left-radius:0px;}.kadence-column278_74f34a-a2 > .kt-inside-inner-col{column-gap:var(--global-kb-gap-sm, 1rem);}.kadence-column278_74f34a-a2 > .kt-inside-inner-col{flex-direction:column;}.kadence-column278_74f34a-a2 > .kt-inside-inner-col > .aligncenter{width:100%;}.kadence-column278_74f34a-a2 > .kt-inside-inner-col:before{opacity:0.3;}.kadence-column278_74f34a-a2{position:relative;}@media all and (max-width: 1024px){.kadence-column278_74f34a-a2 > .kt-inside-inner-col{flex-direction:column;justify-content:center;}}@media all and (max-width: 767px){.kadence-column278_74f34a-a2 > .kt-inside-inner-col{flex-direction:column;justify-content:center;}}<\/style>\n<div class=\"wp-block-kadence-column kadence-column278_74f34a-a2\"><div class=\"kt-inside-inner-col\">\n<figure class=\"wp-block-image size-full\"><img loading=\"lazy\" decoding=\"async\" width=\"542\" height=\"542\" src=\"https:\/\/bhmetalspro.com\/wp-content\/uploads\/2025\/07\/Pernos-Fabricados.webp\" alt=\"\" class=\"wp-image-432\" srcset=\"https:\/\/bhmetalspro.com\/wp-content\/uploads\/2025\/07\/Pernos-Fabricados.webp 542w, https:\/\/bhmetalspro.com\/wp-content\/uploads\/2025\/07\/Pernos-Fabricados-300x300.webp 300w, https:\/\/bhmetalspro.com\/wp-content\/uploads\/2025\/07\/Pernos-Fabricados-150x150.webp 150w\" sizes=\"auto, (max-width: 542px) 100vw, 542px\" \/><\/figure>\n<\/div><\/div>\n\n<\/div><\/div>\n\n\n<h2 class=\"wp-block-heading\">Nuestros pernos y anclajes se usan para:<\/h2>\n\n\n<style>.kb-row-layout-id278_a52161-31 > .kt-row-column-wrap{align-content:start;}:where(.kb-row-layout-id278_a52161-31 > .kt-row-column-wrap) > .wp-block-kadence-column{justify-content:start;}.kb-row-layout-id278_a52161-31 > .kt-row-column-wrap{column-gap:var(--global-kb-gap-md, 2rem);row-gap:var(--global-kb-gap-md, 2rem);padding-top:var(--global-kb-spacing-sm, 1.5rem);padding-bottom:var(--global-kb-spacing-sm, 1.5rem);grid-template-columns:repeat(2, minmax(0, 1fr));}.kb-row-layout-id278_a52161-31 > .kt-row-layout-overlay{opacity:0.30;}@media all and (max-width: 1024px){.kb-row-layout-id278_a52161-31 > .kt-row-column-wrap{grid-template-columns:repeat(2, minmax(0, 1fr));}}@media all and (max-width: 767px){.kb-row-layout-id278_a52161-31 > .kt-row-column-wrap{grid-template-columns:minmax(0, 1fr);}}<\/style><div class=\"kb-row-layout-wrap kb-row-layout-id278_a52161-31 alignnone wp-block-kadence-rowlayout\"><div class=\"kt-row-column-wrap kt-has-2-columns kt-row-layout-equal kt-tab-layout-inherit kt-mobile-layout-row kt-row-valign-top\">\n<style>.kadence-column278_113b78-a4 > .kt-inside-inner-col,.kadence-column278_113b78-a4 > .kt-inside-inner-col:before{border-top-left-radius:0px;border-top-right-radius:0px;border-bottom-right-radius:0px;border-bottom-left-radius:0px;}.kadence-column278_113b78-a4 > .kt-inside-inner-col{column-gap:var(--global-kb-gap-sm, 1rem);}.kadence-column278_113b78-a4 > .kt-inside-inner-col{flex-direction:column;}.kadence-column278_113b78-a4 > .kt-inside-inner-col > .aligncenter{width:100%;}.kadence-column278_113b78-a4 > .kt-inside-inner-col:before{opacity:0.3;}.kadence-column278_113b78-a4{position:relative;}@media all and (max-width: 1024px){.kadence-column278_113b78-a4 > .kt-inside-inner-col{flex-direction:column;justify-content:center;}}@media all and (max-width: 767px){.kadence-column278_113b78-a4 > .kt-inside-inner-col{flex-direction:column;justify-content:center;}}<\/style>\n<div class=\"wp-block-kadence-column kadence-column278_113b78-a4\"><div class=\"kt-inside-inner-col\">\n<figure class=\"wp-block-image size-full\"><img loading=\"lazy\" decoding=\"async\" width=\"702\" height=\"608\" src=\"https:\/\/bhmetalspro.com\/wp-content\/uploads\/2025\/07\/Fabricacion.webp\" alt=\"\" class=\"wp-image-437\" srcset=\"https:\/\/bhmetalspro.com\/wp-content\/uploads\/2025\/07\/Fabricacion.webp 702w, https:\/\/bhmetalspro.com\/wp-content\/uploads\/2025\/07\/Fabricacion-300x260.webp 300w\" sizes=\"auto, (max-width: 702px) 100vw, 702px\" \/><\/figure>\n<\/div><\/div>\n\n\n<style>.kadence-column278_93921d-a8 > .kt-inside-inner-col,.kadence-column278_93921d-a8 > .kt-inside-inner-col:before{border-top-left-radius:0px;border-top-right-radius:0px;border-bottom-right-radius:0px;border-bottom-left-radius:0px;}.kadence-column278_93921d-a8 > .kt-inside-inner-col{column-gap:var(--global-kb-gap-sm, 1rem);}.kadence-column278_93921d-a8 > .kt-inside-inner-col{flex-direction:column;}.kadence-column278_93921d-a8 > .kt-inside-inner-col > .aligncenter{width:100%;}.kadence-column278_93921d-a8 > .kt-inside-inner-col:before{opacity:0.3;}.kadence-column278_93921d-a8{position:relative;}@media all and (max-width: 1024px){.kadence-column278_93921d-a8 > .kt-inside-inner-col{flex-direction:column;justify-content:center;}}@media all and (max-width: 767px){.kadence-column278_93921d-a8 > .kt-inside-inner-col{flex-direction:column;justify-content:center;}}<\/style>\n<div class=\"wp-block-kadence-column kadence-column278_93921d-a8\"><div class=\"kt-inside-inner-col\">\n<figure class=\"wp-block-image size-full\"><img loading=\"lazy\" decoding=\"async\" width=\"552\" height=\"511\" src=\"https:\/\/bhmetalspro.com\/wp-content\/uploads\/2025\/07\/Texto-POrsiac.webp\" alt=\"\" class=\"wp-image-436\" srcset=\"https:\/\/bhmetalspro.com\/wp-content\/uploads\/2025\/07\/Texto-POrsiac.webp 552w, https:\/\/bhmetalspro.com\/wp-content\/uploads\/2025\/07\/Texto-POrsiac-300x278.webp 300w\" sizes=\"auto, (max-width: 552px) 100vw, 552px\" \/><\/figure>\n<\/div><\/div>\n\n<\/div><\/div>","protected":false},"excerpt":{"rendered":"<p>Fabricamos pernos y anclajes a medida La fabricaci\u00f3n de pernos y anclajes es un proceso cr\u00edtico en la industria metalmec\u00e1nica, ya que estas piezas son fundamentales para garantizar la seguridad y estabilidad en estructuras. Nuestros pernos y anclajes se usan para:<\/p>\n","protected":false},"author":1,"featured_media":0,"parent":0,"menu_order":0,"comment_status":"closed","ping_status":"closed","template":"","meta":{"_kadence_starter_templates_imported_post":false,"_kad_post_transparent":"default","_kad_post_title":"hide","_kad_post_layout":"","_kad_post_sidebar_id":"","_kad_post_content_style":"unboxed","_kad_post_vertical_padding":"","_kad_post_feature":"","_kad_post_feature_position":"","_kad_post_header":false,"_kad_post_footer":false,"footnotes":""},"class_list":["post-278","page","type-page","status-publish","hentry"],"_links":{"self":[{"href":"https:\/\/bhmetalspro.com\/index.php\/wp-json\/wp\/v2\/pages\/278","targetHints":{"allow":["GET"]}}],"collection":[{"href":"https:\/\/bhmetalspro.com\/index.php\/wp-json\/wp\/v2\/pages"}],"about":[{"href":"https:\/\/bhmetalspro.com\/index.php\/wp-json\/wp\/v2\/types\/page"}],"author":[{"embeddable":true,"href":"https:\/\/bhmetalspro.com\/index.php\/wp-json\/wp\/v2\/users\/1"}],"replies":[{"embeddable":true,"href":"https:\/\/bhmetalspro.com\/index.php\/wp-json\/wp\/v2\/comments?post=278"}],"version-history":[{"count":11,"href":"https:\/\/bhmetalspro.com\/index.php\/wp-json\/wp\/v2\/pages\/278\/revisions"}],"predecessor-version":[{"id":642,"href":"https:\/\/bhmetalspro.com\/index.php\/wp-json\/wp\/v2\/pages\/278\/revisions\/642"}],"wp:attachment":[{"href":"https:\/\/bhmetalspro.com\/index.php\/wp-json\/wp\/v2\/media?parent=278"}],"curies":[{"name":"wp","href":"https:\/\/api.w.org\/{rel}","templated":true}]}}