{"id":18,"date":"2025-04-23T12:15:53","date_gmt":"2025-04-23T12:15:53","guid":{"rendered":"https:\/\/bhmetalspro.com\/?page_id=18"},"modified":"2025-08-03T08:55:57","modified_gmt":"2025-08-03T08:55:57","slug":"quienes-somos","status":"publish","type":"page","link":"https:\/\/bhmetalspro.com\/index.php\/quienes-somos\/","title":{"rendered":"Qui\u00e9nes somos"},"content":{"rendered":"\n<div class=\"wp-block-cover aligncenter has-parallax\" style=\"margin-top:var(--wp--preset--spacing--80);margin-bottom:var(--wp--preset--spacing--80)\"><div class=\"wp-block-cover__image-background wp-image-290 size-full has-parallax\" style=\"background-position:50% 50%;background-image:url(https:\/\/bhmetalspro.com\/wp-content\/uploads\/2025\/06\/Quienes-Somos.webp)\"><\/div><span aria-hidden=\"true\" class=\"wp-block-cover__background has-background-dim\" style=\"background-color:#253341\"><\/span><div class=\"wp-block-cover__inner-container is-layout-constrained wp-block-cover-is-layout-constrained\">\n<h2 class=\"wp-block-heading has-theme-palette-9-color has-text-color has-link-color wp-elements-68233a3fd7ee4982c148f8830f3600a9\" style=\"margin-top:0;margin-right:var(--wp--preset--spacing--50);margin-bottom:0;margin-left:var(--wp--preset--spacing--50)\">\u00bfQui\u00e9nes Somos?<\/h2>\n\n\n\n<p class=\"has-text-align-center has-theme-palette-9-color has-text-color has-link-color has-medium-font-size wp-elements-b6c5bf2ceeedb2d5123ee776a9344ab3\" style=\"margin-top:var(--wp--preset--spacing--70);margin-right:var(--wp--preset--spacing--50);margin-bottom:var(--wp--preset--spacing--70);margin-left:var(--wp--preset--spacing--50)\">Somos especialistas en la fabricaci\u00f3n de elementos de ajuste y comercializaci\u00f3n de materiales industriales, siendo proveedores de empresas de diferentes rubros de la industria nacional, como Miner\u00eda, Metalurgia, Refiner\u00edas, Construcci\u00f3n, Energ\u00eda, etc.<\/p>\n\n\n\n<h2 class=\"wp-block-heading has-text-align-center has-theme-palette-9-color has-text-color has-link-color wp-elements-ca89b9aadb05c013ec69cde92af41f3a\" style=\"margin-top:0;margin-right:var(--wp--preset--spacing--50);margin-bottom:0;margin-left:var(--wp--preset--spacing--50)\">Nuestros clientes:<\/h2>\n\n\n<style>.kb-row-layout-id18_23632e-b5 > .kt-row-column-wrap{align-content:start;}:where(.kb-row-layout-id18_23632e-b5 > .kt-row-column-wrap) > .wp-block-kadence-column{justify-content:start;}.kb-row-layout-id18_23632e-b5 > .kt-row-column-wrap{column-gap:var(--global-kb-gap-md, 2rem);row-gap:var(--global-kb-gap-md, 2rem);padding-top:var(--global-kb-spacing-sm, 1.5rem);padding-bottom:var(--global-kb-spacing-sm, 1.5rem);}.kb-row-layout-id18_23632e-b5 > .kt-row-column-wrap > div:not(.added-for-specificity){grid-column:initial;}.kb-row-layout-id18_23632e-b5 > .kt-row-column-wrap{grid-template-columns:repeat(4, minmax(0, 1fr));}.kb-row-layout-id18_23632e-b5 > .kt-row-layout-overlay{opacity:0.30;}@media all and (max-width: 1024px){.kb-row-layout-id18_23632e-b5 > .kt-row-column-wrap > div:not(.added-for-specificity){grid-column:initial;}}@media all and (max-width: 1024px){.kb-row-layout-id18_23632e-b5 > .kt-row-column-wrap{grid-template-columns:repeat(4, minmax(0, 1fr));}}@media all and (max-width: 767px){.kb-row-layout-id18_23632e-b5 > .kt-row-column-wrap > div:not(.added-for-specificity){grid-column:initial;}.kb-row-layout-id18_23632e-b5 > .kt-row-column-wrap{grid-template-columns:minmax(0, 1fr);}}<\/style><div class=\"kb-row-layout-wrap kb-row-layout-id18_23632e-b5 alignnone wp-block-kadence-rowlayout\"><div class=\"kt-row-column-wrap kt-has-4-columns kt-row-layout-equal kt-tab-layout-inherit kt-mobile-layout-row kt-row-valign-top\">\n<style>.kadence-column18_e126a8-21 > .kt-inside-inner-col,.kadence-column18_e126a8-21 > .kt-inside-inner-col:before{border-top-left-radius:0px;border-top-right-radius:0px;border-bottom-right-radius:0px;border-bottom-left-radius:0px;}.kadence-column18_e126a8-21 > .kt-inside-inner-col{column-gap:var(--global-kb-gap-sm, 1rem);}.kadence-column18_e126a8-21 > .kt-inside-inner-col{flex-direction:column;}.kadence-column18_e126a8-21 > .kt-inside-inner-col > .aligncenter{width:100%;}.kadence-column18_e126a8-21 > .kt-inside-inner-col:before{opacity:0.3;}.kadence-column18_e126a8-21{position:relative;}@media all and (max-width: 1024px){.kadence-column18_e126a8-21 > .kt-inside-inner-col{flex-direction:column;justify-content:center;}}@media all and (max-width: 767px){.kadence-column18_e126a8-21 > .kt-inside-inner-col{flex-direction:column;justify-content:center;}}<\/style>\n<div class=\"wp-block-kadence-column kadence-column18_e126a8-21\"><div class=\"kt-inside-inner-col\"><div class=\"wp-block-image\">\n<figure class=\"aligncenter size-full is-resized\" style=\"margin-top:0;margin-right:var(--wp--preset--spacing--80);margin-bottom:0;margin-left:var(--wp--preset--spacing--80)\"><img loading=\"lazy\" decoding=\"async\" width=\"190\" height=\"266\" src=\"https:\/\/bhmetalspro.com\/wp-content\/uploads\/2025\/08\/Corregido-a-Blanco.png\" alt=\"\" class=\"wp-image-647\" style=\"width:100px\"\/><\/figure>\n<\/div><\/div><\/div>\n\n\n<style>.kadence-column18_ae8e05-d9 > .kt-inside-inner-col,.kadence-column18_ae8e05-d9 > .kt-inside-inner-col:before{border-top-left-radius:0px;border-top-right-radius:0px;border-bottom-right-radius:0px;border-bottom-left-radius:0px;}.kadence-column18_ae8e05-d9 > .kt-inside-inner-col{column-gap:var(--global-kb-gap-sm, 1rem);}.kadence-column18_ae8e05-d9 > .kt-inside-inner-col{flex-direction:column;}.kadence-column18_ae8e05-d9 > .kt-inside-inner-col > .aligncenter{width:100%;}.kadence-column18_ae8e05-d9 > .kt-inside-inner-col:before{opacity:0.3;}.kadence-column18_ae8e05-d9{position:relative;}@media all and (max-width: 1024px){.kadence-column18_ae8e05-d9 > .kt-inside-inner-col{flex-direction:column;justify-content:center;}}@media all and (max-width: 767px){.kadence-column18_ae8e05-d9 > .kt-inside-inner-col{flex-direction:column;justify-content:center;}}<\/style>\n<div class=\"wp-block-kadence-column kadence-column18_ae8e05-d9\"><div class=\"kt-inside-inner-col\"><div class=\"wp-block-image\">\n<figure class=\"aligncenter size-full is-resized\" style=\"margin-top:var(--wp--preset--spacing--20);margin-right:var(--wp--preset--spacing--70);margin-bottom:var(--wp--preset--spacing--20);margin-left:var(--wp--preset--spacing--70)\"><img loading=\"lazy\" decoding=\"async\" width=\"824\" height=\"505\" src=\"https:\/\/bhmetalspro.com\/wp-content\/uploads\/2025\/08\/Airport-Blanco.png\" alt=\"\" class=\"wp-image-650\" style=\"width:170px\" srcset=\"https:\/\/bhmetalspro.com\/wp-content\/uploads\/2025\/08\/Airport-Blanco.png 824w, https:\/\/bhmetalspro.com\/wp-content\/uploads\/2025\/08\/Airport-Blanco-300x184.png 300w, https:\/\/bhmetalspro.com\/wp-content\/uploads\/2025\/08\/Airport-Blanco-768x471.png 768w\" sizes=\"auto, (max-width: 824px) 100vw, 824px\" \/><\/figure>\n<\/div><\/div><\/div>\n\n\n<style>.kadence-column18_bd390a-f5 > .kt-inside-inner-col,.kadence-column18_bd390a-f5 > .kt-inside-inner-col:before{border-top-left-radius:0px;border-top-right-radius:0px;border-bottom-right-radius:0px;border-bottom-left-radius:0px;}.kadence-column18_bd390a-f5 > .kt-inside-inner-col{column-gap:var(--global-kb-gap-sm, 1rem);}.kadence-column18_bd390a-f5 > .kt-inside-inner-col{flex-direction:column;}.kadence-column18_bd390a-f5 > .kt-inside-inner-col > .aligncenter{width:100%;}.kadence-column18_bd390a-f5 > .kt-inside-inner-col:before{opacity:0.3;}.kadence-column18_bd390a-f5{position:relative;}@media all and (max-width: 1024px){.kadence-column18_bd390a-f5 > .kt-inside-inner-col{flex-direction:column;justify-content:center;}}@media all and (max-width: 767px){.kadence-column18_bd390a-f5 > .kt-inside-inner-col{flex-direction:column;justify-content:center;}}<\/style>\n<div class=\"wp-block-kadence-column kadence-column18_bd390a-f5\"><div class=\"kt-inside-inner-col\"><div class=\"wp-block-image\">\n<figure class=\"aligncenter size-full is-resized\" style=\"margin-top:var(--wp--preset--spacing--60);margin-right:var(--wp--preset--spacing--60);margin-bottom:var(--wp--preset--spacing--60);margin-left:var(--wp--preset--spacing--60)\"><img loading=\"lazy\" decoding=\"async\" width=\"501\" height=\"100\" src=\"https:\/\/bhmetalspro.com\/wp-content\/uploads\/2025\/08\/Petro-Blanco.png\" alt=\"\" class=\"wp-image-654\" style=\"width:230px\" srcset=\"https:\/\/bhmetalspro.com\/wp-content\/uploads\/2025\/08\/Petro-Blanco.png 501w, https:\/\/bhmetalspro.com\/wp-content\/uploads\/2025\/08\/Petro-Blanco-300x60.png 300w\" sizes=\"auto, (max-width: 501px) 100vw, 501px\" \/><\/figure>\n<\/div><\/div><\/div>\n\n\n<style>.kadence-column18_2f43c8-29 > .kt-inside-inner-col,.kadence-column18_2f43c8-29 > .kt-inside-inner-col:before{border-top-left-radius:0px;border-top-right-radius:0px;border-bottom-right-radius:0px;border-bottom-left-radius:0px;}.kadence-column18_2f43c8-29 > .kt-inside-inner-col{column-gap:var(--global-kb-gap-sm, 1rem);}.kadence-column18_2f43c8-29 > .kt-inside-inner-col{flex-direction:column;}.kadence-column18_2f43c8-29 > .kt-inside-inner-col > .aligncenter{width:100%;}.kadence-column18_2f43c8-29 > .kt-inside-inner-col:before{opacity:0.3;}.kadence-column18_2f43c8-29{position:relative;}@media all and (max-width: 1024px){.kadence-column18_2f43c8-29 > .kt-inside-inner-col{flex-direction:column;justify-content:center;}}@media all and (max-width: 767px){.kadence-column18_2f43c8-29 > .kt-inside-inner-col{flex-direction:column;justify-content:center;}}<\/style>\n<div class=\"wp-block-kadence-column kadence-column18_2f43c8-29\"><div class=\"kt-inside-inner-col\">\n<figure class=\"wp-block-image size-large is-resized\" style=\"margin-right:var(--wp--preset--spacing--80);margin-left:var(--wp--preset--spacing--80)\"><img loading=\"lazy\" decoding=\"async\" width=\"1024\" height=\"683\" src=\"https:\/\/bhmetalspro.com\/wp-content\/uploads\/2025\/08\/Tecncias-Blanco-1024x683.png\" alt=\"\" class=\"wp-image-656\" style=\"width:200px\" srcset=\"https:\/\/bhmetalspro.com\/wp-content\/uploads\/2025\/08\/Tecncias-Blanco-1024x683.png 1024w, https:\/\/bhmetalspro.com\/wp-content\/uploads\/2025\/08\/Tecncias-Blanco-300x200.png 300w, https:\/\/bhmetalspro.com\/wp-content\/uploads\/2025\/08\/Tecncias-Blanco-768x512.png 768w, https:\/\/bhmetalspro.com\/wp-content\/uploads\/2025\/08\/Tecncias-Blanco-1536x1024.png 1536w, https:\/\/bhmetalspro.com\/wp-content\/uploads\/2025\/08\/Tecncias-Blanco-2048x1365.png 2048w\" sizes=\"auto, (max-width: 1024px) 100vw, 1024px\" \/><\/figure>\n<\/div><\/div>\n\n<\/div><\/div><\/div><\/div>\n\n\n\n<p><\/p>\n","protected":false},"excerpt":{"rendered":"","protected":false},"author":1,"featured_media":0,"parent":0,"menu_order":0,"comment_status":"closed","ping_status":"closed","template":"","meta":{"_kadence_starter_templates_imported_post":false,"_kad_post_transparent":"","_kad_post_title":"hide","_kad_post_layout":"","_kad_post_sidebar_id":"","_kad_post_content_style":"unboxed","_kad_post_vertical_padding":"","_kad_post_feature":"","_kad_post_feature_position":"","_kad_post_header":false,"_kad_post_footer":false,"footnotes":""},"class_list":["post-18","page","type-page","status-publish","hentry"],"_links":{"self":[{"href":"https:\/\/bhmetalspro.com\/index.php\/wp-json\/wp\/v2\/pages\/18","targetHints":{"allow":["GET"]}}],"collection":[{"href":"https:\/\/bhmetalspro.com\/index.php\/wp-json\/wp\/v2\/pages"}],"about":[{"href":"https:\/\/bhmetalspro.com\/index.php\/wp-json\/wp\/v2\/types\/page"}],"author":[{"embeddable":true,"href":"https:\/\/bhmetalspro.com\/index.php\/wp-json\/wp\/v2\/users\/1"}],"replies":[{"embeddable":true,"href":"https:\/\/bhmetalspro.com\/index.php\/wp-json\/wp\/v2\/comments?post=18"}],"version-history":[{"count":44,"href":"https:\/\/bhmetalspro.com\/index.php\/wp-json\/wp\/v2\/pages\/18\/revisions"}],"predecessor-version":[{"id":672,"href":"https:\/\/bhmetalspro.com\/index.php\/wp-json\/wp\/v2\/pages\/18\/revisions\/672"}],"wp:attachment":[{"href":"https:\/\/bhmetalspro.com\/index.php\/wp-json\/wp\/v2\/media?parent=18"}],"curies":[{"name":"wp","href":"https:\/\/api.w.org\/{rel}","templated":true}]}}