{"id":17,"date":"2025-04-23T12:15:53","date_gmt":"2025-04-23T12:15:53","guid":{"rendered":"https:\/\/bhmetalspro.com\/?page_id=17"},"modified":"2025-09-25T15:21:42","modified_gmt":"2025-09-25T15:21:42","slug":"servicio-metalmecanica","status":"publish","type":"page","link":"https:\/\/bhmetalspro.com\/index.php\/servicio-metalmecanica\/","title":{"rendered":"Trabajos en Metalmec\u00e1nica"},"content":{"rendered":"\n<figure class=\"wp-block-image alignfull size-large has-custom-border is-style-default\"><img loading=\"lazy\" decoding=\"async\" width=\"1024\" height=\"283\" src=\"https:\/\/bhmetalspro.com\/wp-content\/uploads\/2025\/06\/Banner-Interna-Metalmecanica-1024x283.webp\" alt=\"\" class=\"wp-image-249\" style=\"border-style:none;border-width:0px;border-radius:0px\" srcset=\"https:\/\/bhmetalspro.com\/wp-content\/uploads\/2025\/06\/Banner-Interna-Metalmecanica-1024x283.webp 1024w, https:\/\/bhmetalspro.com\/wp-content\/uploads\/2025\/06\/Banner-Interna-Metalmecanica-300x83.webp 300w, https:\/\/bhmetalspro.com\/wp-content\/uploads\/2025\/06\/Banner-Interna-Metalmecanica-768x212.webp 768w, https:\/\/bhmetalspro.com\/wp-content\/uploads\/2025\/06\/Banner-Interna-Metalmecanica-1536x425.webp 1536w, https:\/\/bhmetalspro.com\/wp-content\/uploads\/2025\/06\/Banner-Interna-Metalmecanica.webp 1920w\" sizes=\"auto, (max-width: 1024px) 100vw, 1024px\" \/><\/figure>\n\n\n<style>.kb-row-layout-id17_5aebca-17 > .kt-row-column-wrap{align-content:start;}:where(.kb-row-layout-id17_5aebca-17 > .kt-row-column-wrap) > .wp-block-kadence-column{justify-content:start;}.kb-row-layout-id17_5aebca-17 > .kt-row-column-wrap{column-gap:var(--global-kb-gap-md, 2rem);row-gap:var(--global-kb-gap-md, 2rem);max-width:2000px;margin-left:auto;margin-right:auto;padding-top:var(--global-kb-spacing-sm, 1.5rem);padding-bottom:var(--global-kb-spacing-sm, 1.5rem);grid-template-columns:minmax(0, calc(50% - ((var(--global-kb-gap-md, 2rem) * 1 )\/2)))minmax(0, calc(50% - ((var(--global-kb-gap-md, 2rem) * 1 )\/2)));}.kb-row-layout-id17_5aebca-17{background-color:#ffffff;}.kb-row-layout-id17_5aebca-17 > .kt-row-layout-overlay{opacity:0.30;background-color:#ffffff;}.kb-row-layout-id17_5aebca-17 ,.kb-row-layout-id17_5aebca-17 h1,.kb-row-layout-id17_5aebca-17 h2,.kb-row-layout-id17_5aebca-17 h3,.kb-row-layout-id17_5aebca-17 h4,.kb-row-layout-id17_5aebca-17 h5,.kb-row-layout-id17_5aebca-17 h6{color:#000000;}@media all and (max-width: 1024px){.kb-row-layout-id17_5aebca-17 > .kt-row-column-wrap{grid-template-columns:repeat(2, minmax(0, 1fr));}}@media all and (max-width: 767px){.kb-row-layout-id17_5aebca-17 > .kt-row-column-wrap{grid-template-columns:minmax(0, 1fr);}}<\/style><div class=\"kb-row-layout-wrap kb-row-layout-id17_5aebca-17 alignwide kt-row-has-bg wp-block-kadence-rowlayout\"><div class=\"kt-row-layout-overlay kt-row-overlay-normal\"><\/div><div class=\"kt-row-column-wrap kt-has-2-columns kt-row-layout-equal kt-tab-layout-inherit kt-mobile-layout-row kt-row-valign-top\">\n<style>.kadence-column17_79eb73-f3 > .kt-inside-inner-col{display:flex;}.kadence-column17_79eb73-f3 > .kt-inside-inner-col,.kadence-column17_79eb73-f3 > .kt-inside-inner-col:before{border-top-left-radius:0px;border-top-right-radius:0px;border-bottom-right-radius:0px;border-bottom-left-radius:0px;}.kadence-column17_79eb73-f3 > .kt-inside-inner-col{column-gap:var(--global-kb-gap-sm, 1rem);}.kadence-column17_79eb73-f3 > .kt-inside-inner-col{flex-direction:column;justify-content:flex-start;}.kadence-column17_79eb73-f3 > .kt-inside-inner-col > .aligncenter{width:100%;}.kt-row-column-wrap > .kadence-column17_79eb73-f3{align-self:flex-start;}.kt-inner-column-height-full:not(.kt-has-1-columns) > .wp-block-kadence-column.kadence-column17_79eb73-f3{align-self:auto;}.kt-inner-column-height-full:not(.kt-has-1-columns) > .wp-block-kadence-column.kadence-column17_79eb73-f3 > .kt-inside-inner-col{flex-direction:column;justify-content:flex-start;}.kadence-column17_79eb73-f3 > .kt-inside-inner-col:before{opacity:0.3;}.kadence-column17_79eb73-f3{position:relative;}@media all and (max-width: 1024px){.kt-row-column-wrap > .kadence-column17_79eb73-f3{align-self:flex-start;}}@media all and (max-width: 1024px){.kt-inner-column-height-full:not(.kt-has-1-columns) > .wp-block-kadence-column.kadence-column17_79eb73-f3{align-self:auto;}}@media all and (max-width: 1024px){.kt-inner-column-height-full:not(.kt-has-1-columns) > .wp-block-kadence-column.kadence-column17_79eb73-f3 > .kt-inside-inner-col{flex-direction:column;justify-content:flex-start;}}@media all and (max-width: 1024px){.kadence-column17_79eb73-f3 > .kt-inside-inner-col{flex-direction:column;justify-content:flex-start;}}@media all and (max-width: 767px){.kt-row-column-wrap > .kadence-column17_79eb73-f3{align-self:flex-start;}.kt-inner-column-height-full:not(.kt-has-1-columns) > .wp-block-kadence-column.kadence-column17_79eb73-f3{align-self:auto;}.kt-inner-column-height-full:not(.kt-has-1-columns) > .wp-block-kadence-column.kadence-column17_79eb73-f3 > .kt-inside-inner-col{flex-direction:column;justify-content:flex-start;}.kadence-column17_79eb73-f3 > .kt-inside-inner-col{flex-direction:column;justify-content:flex-start;}}<\/style>\n<div class=\"wp-block-kadence-column kadence-column17_79eb73-f3\"><div class=\"kt-inside-inner-col\">\n<h1 class=\"wp-block-heading\" style=\"font-style:normal;font-weight:800\">Calidad y eficacia<\/h1>\n\n\n\n<p class=\"has-text-align-left\">Una de nuestras especialidades es el sector de metalmec\u00e1nica, comprometidos con ofrecer soluciones de alta calidad para proyectos industriales, estructurales y de manufactura. Nos dedicamos a la fabricaci\u00f3n, transformaci\u00f3n y ensamblaje de componentes met\u00e1licos, adapt\u00e1ndonos a las necesidades espec\u00edficas de cada cliente.<br><br>Contamos con un equipo capacitado y una infraestructura equipada, lo que nos permite trabajar con eficiencia, precisi\u00f3n y rapidez. Nuestra experiencia en el rubro nos ha convertido en un aliado confiable para empresas que buscan calidad y cumplimiento en cada etapa del proceso.<\/p>\n<\/div><\/div>\n\n\n<style>.kadence-column17_436e21-96 > .kt-inside-inner-col{display:flex;}.kadence-column17_436e21-96 > .kt-inside-inner-col,.kadence-column17_436e21-96 > .kt-inside-inner-col:before{border-top-left-radius:0px;border-top-right-radius:0px;border-bottom-right-radius:0px;border-bottom-left-radius:0px;}.kadence-column17_436e21-96 > .kt-inside-inner-col{column-gap:var(--global-kb-gap-sm, 1rem);}.kadence-column17_436e21-96 > .kt-inside-inner-col{flex-direction:column;justify-content:stretch;}.kadence-column17_436e21-96 > .kt-inside-inner-col > .aligncenter{width:100%;}.kt-row-column-wrap > .kadence-column17_436e21-96{align-self:center;}.kt-inner-column-height-full:not(.kt-has-1-columns) > .wp-block-kadence-column.kadence-column17_436e21-96{align-self:auto;}.kt-inner-column-height-full:not(.kt-has-1-columns) > .wp-block-kadence-column.kadence-column17_436e21-96 > .kt-inside-inner-col{flex-direction:column;justify-content:stretch;}.kadence-column17_436e21-96 > .kt-inside-inner-col:before{opacity:0.3;}.kadence-column17_436e21-96{position:relative;}@media all and (max-width: 1024px){.kt-row-column-wrap > .kadence-column17_436e21-96{align-self:center;}}@media all and (max-width: 1024px){.kt-inner-column-height-full:not(.kt-has-1-columns) > .wp-block-kadence-column.kadence-column17_436e21-96{align-self:auto;}}@media all and (max-width: 1024px){.kt-inner-column-height-full:not(.kt-has-1-columns) > .wp-block-kadence-column.kadence-column17_436e21-96 > .kt-inside-inner-col{flex-direction:column;justify-content:stretch;}}@media all and (max-width: 1024px){.kadence-column17_436e21-96 > .kt-inside-inner-col{flex-direction:column;justify-content:stretch;}}@media all and (max-width: 767px){.kt-row-column-wrap > .kadence-column17_436e21-96{align-self:center;}.kt-inner-column-height-full:not(.kt-has-1-columns) > .wp-block-kadence-column.kadence-column17_436e21-96{align-self:auto;}.kt-inner-column-height-full:not(.kt-has-1-columns) > .wp-block-kadence-column.kadence-column17_436e21-96 > .kt-inside-inner-col{flex-direction:column;justify-content:stretch;}.kadence-column17_436e21-96 > .kt-inside-inner-col{flex-direction:column;justify-content:stretch;}}<\/style>\n<div class=\"wp-block-kadence-column kadence-column17_436e21-96\"><div class=\"kt-inside-inner-col\">\n<figure class=\"wp-block-image alignwide size-full\"><img loading=\"lazy\" decoding=\"async\" width=\"660\" height=\"442\" src=\"https:\/\/bhmetalspro.com\/wp-content\/uploads\/2025\/09\/HEader-MAteriales-3.webp\" alt=\"\" class=\"wp-image-724\" srcset=\"https:\/\/bhmetalspro.com\/wp-content\/uploads\/2025\/09\/HEader-MAteriales-3.webp 660w, https:\/\/bhmetalspro.com\/wp-content\/uploads\/2025\/09\/HEader-MAteriales-3-300x201.webp 300w\" sizes=\"auto, (max-width: 660px) 100vw, 660px\" \/><\/figure>\n<\/div><\/div>\n\n<\/div><\/div>\n\n<style>.kb-row-layout-id17_4fe7e7-58 > .kt-row-column-wrap{align-content:start;}:where(.kb-row-layout-id17_4fe7e7-58 > .kt-row-column-wrap) > .wp-block-kadence-column{justify-content:start;}.kb-row-layout-id17_4fe7e7-58 > .kt-row-column-wrap{column-gap:var(--global-kb-gap-none, 0rem );row-gap:var(--global-kb-gap-none, 0rem );max-width:2000px;margin-left:auto;margin-right:auto;padding-top:var(--global-kb-spacing-sm, 1.5rem);padding-bottom:var(--global-kb-spacing-sm, 1.5rem);}.kb-row-layout-id17_4fe7e7-58 > .kt-row-column-wrap > div:not(.added-for-specificity){grid-column:initial;}.kb-row-layout-id17_4fe7e7-58 > .kt-row-column-wrap{grid-template-columns:repeat(4, minmax(0, 1fr));}.kb-row-layout-id17_4fe7e7-58{background-color:#219ebc;}.kb-row-layout-id17_4fe7e7-58 > .kt-row-layout-overlay{opacity:0.30;}@media all and (max-width: 1024px){.kb-row-layout-id17_4fe7e7-58 > .kt-row-column-wrap > div:not(.added-for-specificity){grid-column:initial;}}@media all and (max-width: 1024px){.kb-row-layout-id17_4fe7e7-58 > .kt-row-column-wrap{grid-template-columns:repeat(4, minmax(0, 1fr));}}@media all and (max-width: 767px){.kb-row-layout-id17_4fe7e7-58 > .kt-row-column-wrap > div:not(.added-for-specificity){grid-column:initial;}.kb-row-layout-id17_4fe7e7-58 > .kt-row-column-wrap{grid-template-columns:minmax(0, 1fr);}}<\/style><div class=\"kb-row-layout-wrap kb-row-layout-id17_4fe7e7-58 alignnone kt-row-has-bg wp-block-kadence-rowlayout\"><div class=\"kt-row-column-wrap kt-has-4-columns kt-row-layout-equal kt-tab-layout-inherit kt-mobile-layout-row kt-row-valign-top\">\n<style>.kadence-column17_272b33-c1 > .kt-inside-inner-col,.kadence-column17_272b33-c1 > .kt-inside-inner-col:before{border-top-left-radius:0px;border-top-right-radius:0px;border-bottom-right-radius:0px;border-bottom-left-radius:0px;}.kadence-column17_272b33-c1 > .kt-inside-inner-col{column-gap:var(--global-kb-gap-sm, 1rem);}.kadence-column17_272b33-c1 > .kt-inside-inner-col{flex-direction:column;}.kadence-column17_272b33-c1 > .kt-inside-inner-col > .aligncenter{width:100%;}.kadence-column17_272b33-c1 > .kt-inside-inner-col:before{opacity:0.3;}.kadence-column17_272b33-c1{text-align:center;}.kadence-column17_272b33-c1{position:relative;}@media all and (max-width: 1024px){.kadence-column17_272b33-c1 > .kt-inside-inner-col{flex-direction:column;justify-content:center;}}@media all and (max-width: 767px){.kadence-column17_272b33-c1 > .kt-inside-inner-col{flex-direction:column;justify-content:center;}}<\/style>\n<div class=\"wp-block-kadence-column kadence-column17_272b33-c1\"><div class=\"kt-inside-inner-col\">\n<figure class=\"wp-block-image alignwide size-full has-custom-border\" style=\"margin-top:0;margin-right:0;margin-bottom:0;margin-left:0\"><img loading=\"lazy\" decoding=\"async\" width=\"288\" height=\"447\" src=\"https:\/\/bhmetalspro.com\/wp-content\/uploads\/2025\/09\/final-metal-2-1.png\" alt=\"\" class=\"wp-image-750\" style=\"border-style:none;border-width:0px;border-radius:0px\" srcset=\"https:\/\/bhmetalspro.com\/wp-content\/uploads\/2025\/09\/final-metal-2-1.png 288w, https:\/\/bhmetalspro.com\/wp-content\/uploads\/2025\/09\/final-metal-2-1-193x300.png 193w\" sizes=\"auto, (max-width: 288px) 100vw, 288px\" \/><\/figure>\n<\/div><\/div>\n\n\n<style>.kadence-column17_4f6339-31 > .kt-inside-inner-col,.kadence-column17_4f6339-31 > .kt-inside-inner-col:before{border-top-left-radius:0px;border-top-right-radius:0px;border-bottom-right-radius:0px;border-bottom-left-radius:0px;}.kadence-column17_4f6339-31 > .kt-inside-inner-col{column-gap:var(--global-kb-gap-sm, 1rem);}.kadence-column17_4f6339-31 > .kt-inside-inner-col{flex-direction:column;}.kadence-column17_4f6339-31 > .kt-inside-inner-col > .aligncenter{width:100%;}.kadence-column17_4f6339-31 > .kt-inside-inner-col:before{opacity:0.3;}.kadence-column17_4f6339-31{text-align:center;}.kadence-column17_4f6339-31{position:relative;}@media all and (max-width: 1024px){.kadence-column17_4f6339-31 > .kt-inside-inner-col{flex-direction:column;justify-content:center;}}@media all and (max-width: 767px){.kadence-column17_4f6339-31 > .kt-inside-inner-col{flex-direction:column;justify-content:center;}}<\/style>\n<div class=\"wp-block-kadence-column kadence-column17_4f6339-31\"><div class=\"kt-inside-inner-col\">\n<figure class=\"wp-block-image alignwide size-full has-custom-border\" style=\"margin-top:0;margin-right:0;margin-bottom:0;margin-left:0\"><img loading=\"lazy\" decoding=\"async\" width=\"288\" height=\"447\" src=\"https:\/\/bhmetalspro.com\/wp-content\/uploads\/2025\/09\/final-metal-1.png\" alt=\"\" class=\"wp-image-751\" style=\"border-style:none;border-width:0px;border-radius:0px\" srcset=\"https:\/\/bhmetalspro.com\/wp-content\/uploads\/2025\/09\/final-metal-1.png 288w, https:\/\/bhmetalspro.com\/wp-content\/uploads\/2025\/09\/final-metal-1-193x300.png 193w\" sizes=\"auto, (max-width: 288px) 100vw, 288px\" \/><\/figure>\n<\/div><\/div>\n\n\n<style>.kadence-column17_a3eb31-6b > .kt-inside-inner-col,.kadence-column17_a3eb31-6b > .kt-inside-inner-col:before{border-top-left-radius:0px;border-top-right-radius:0px;border-bottom-right-radius:0px;border-bottom-left-radius:0px;}.kadence-column17_a3eb31-6b > .kt-inside-inner-col{column-gap:var(--global-kb-gap-sm, 1rem);}.kadence-column17_a3eb31-6b > .kt-inside-inner-col{flex-direction:column;}.kadence-column17_a3eb31-6b > .kt-inside-inner-col > .aligncenter{width:100%;}.kadence-column17_a3eb31-6b > .kt-inside-inner-col:before{opacity:0.3;}.kadence-column17_a3eb31-6b{text-align:center;}.kadence-column17_a3eb31-6b{position:relative;}@media all and (max-width: 1024px){.kadence-column17_a3eb31-6b > .kt-inside-inner-col{flex-direction:column;justify-content:center;}}@media all and (max-width: 767px){.kadence-column17_a3eb31-6b > .kt-inside-inner-col{flex-direction:column;justify-content:center;}}<\/style>\n<div class=\"wp-block-kadence-column kadence-column17_a3eb31-6b\"><div class=\"kt-inside-inner-col\">\n<figure class=\"wp-block-image alignwide size-full has-custom-border\" style=\"margin-top:0;margin-right:0;margin-bottom:0;margin-left:0\"><img loading=\"lazy\" decoding=\"async\" width=\"288\" height=\"447\" src=\"https:\/\/bhmetalspro.com\/wp-content\/uploads\/2025\/09\/final-metal-3.png\" alt=\"\" class=\"wp-image-752\" style=\"border-style:none;border-width:0px;border-radius:0px\" srcset=\"https:\/\/bhmetalspro.com\/wp-content\/uploads\/2025\/09\/final-metal-3.png 288w, https:\/\/bhmetalspro.com\/wp-content\/uploads\/2025\/09\/final-metal-3-193x300.png 193w\" sizes=\"auto, (max-width: 288px) 100vw, 288px\" \/><\/figure>\n<\/div><\/div>\n\n\n<style>.kadence-column17_5b2d6e-27 > .kt-inside-inner-col,.kadence-column17_5b2d6e-27 > .kt-inside-inner-col:before{border-top-left-radius:0px;border-top-right-radius:0px;border-bottom-right-radius:0px;border-bottom-left-radius:0px;}.kadence-column17_5b2d6e-27 > .kt-inside-inner-col{column-gap:var(--global-kb-gap-sm, 1rem);}.kadence-column17_5b2d6e-27 > .kt-inside-inner-col{flex-direction:column;}.kadence-column17_5b2d6e-27 > .kt-inside-inner-col > .aligncenter{width:100%;}.kadence-column17_5b2d6e-27 > .kt-inside-inner-col:before{opacity:0.3;}.kadence-column17_5b2d6e-27{text-align:center;}.kadence-column17_5b2d6e-27{position:relative;}@media all and (max-width: 1024px){.kadence-column17_5b2d6e-27 > .kt-inside-inner-col{flex-direction:column;justify-content:center;}}@media all and (max-width: 767px){.kadence-column17_5b2d6e-27 > .kt-inside-inner-col{flex-direction:column;justify-content:center;}}<\/style>\n<div class=\"wp-block-kadence-column kadence-column17_5b2d6e-27\"><div class=\"kt-inside-inner-col\">\n<figure class=\"wp-block-image alignwide size-full has-custom-border\" style=\"margin-top:0;margin-right:0;margin-bottom:0;margin-left:0\"><img loading=\"lazy\" decoding=\"async\" width=\"288\" height=\"447\" src=\"https:\/\/bhmetalspro.com\/wp-content\/uploads\/2025\/09\/final-metal-4-1.png\" alt=\"\" class=\"wp-image-762\" style=\"border-style:none;border-width:0px;border-radius:0px\" srcset=\"https:\/\/bhmetalspro.com\/wp-content\/uploads\/2025\/09\/final-metal-4-1.png 288w, https:\/\/bhmetalspro.com\/wp-content\/uploads\/2025\/09\/final-metal-4-1-193x300.png 193w\" sizes=\"auto, (max-width: 288px) 100vw, 288px\" \/><\/figure>\n<\/div><\/div>\n\n<\/div><\/div>\n\n\n<p><\/p>\n","protected":false},"excerpt":{"rendered":"<p>Calidad y eficacia Una de nuestras especialidades es el sector de metalmec\u00e1nica, comprometidos con ofrecer soluciones de alta calidad para proyectos industriales, estructurales y de manufactura. Nos dedicamos a la fabricaci\u00f3n, transformaci\u00f3n y ensamblaje de componentes met\u00e1licos, adapt\u00e1ndonos a las necesidades espec\u00edficas de cada cliente. Contamos con un equipo capacitado y una infraestructura equipada, lo&#8230;<\/p>\n","protected":false},"author":1,"featured_media":0,"parent":0,"menu_order":0,"comment_status":"closed","ping_status":"closed","template":"","meta":{"_kadence_starter_templates_imported_post":false,"_kad_post_transparent":"","_kad_post_title":"hide","_kad_post_layout":"fullwidth","_kad_post_sidebar_id":"","_kad_post_content_style":"unboxed","_kad_post_vertical_padding":"","_kad_post_feature":"","_kad_post_feature_position":"","_kad_post_header":false,"_kad_post_footer":false,"footnotes":""},"class_list":["post-17","page","type-page","status-publish","hentry"],"_links":{"self":[{"href":"https:\/\/bhmetalspro.com\/index.php\/wp-json\/wp\/v2\/pages\/17","targetHints":{"allow":["GET"]}}],"collection":[{"href":"https:\/\/bhmetalspro.com\/index.php\/wp-json\/wp\/v2\/pages"}],"about":[{"href":"https:\/\/bhmetalspro.com\/index.php\/wp-json\/wp\/v2\/types\/page"}],"author":[{"embeddable":true,"href":"https:\/\/bhmetalspro.com\/index.php\/wp-json\/wp\/v2\/users\/1"}],"replies":[{"embeddable":true,"href":"https:\/\/bhmetalspro.com\/index.php\/wp-json\/wp\/v2\/comments?post=17"}],"version-history":[{"count":96,"href":"https:\/\/bhmetalspro.com\/index.php\/wp-json\/wp\/v2\/pages\/17\/revisions"}],"predecessor-version":[{"id":763,"href":"https:\/\/bhmetalspro.com\/index.php\/wp-json\/wp\/v2\/pages\/17\/revisions\/763"}],"wp:attachment":[{"href":"https:\/\/bhmetalspro.com\/index.php\/wp-json\/wp\/v2\/media?parent=17"}],"curies":[{"name":"wp","href":"https:\/\/api.w.org\/{rel}","templated":true}]}}