{"id":16,"date":"2025-04-23T12:15:53","date_gmt":"2025-04-23T12:15:53","guid":{"rendered":"https:\/\/bhmetalspro.com\/?page_id=16"},"modified":"2025-09-29T17:32:52","modified_gmt":"2025-09-29T17:32:52","slug":"material-industrial","status":"publish","type":"page","link":"https:\/\/bhmetalspro.com\/index.php\/material-industrial\/","title":{"rendered":"Materiales Industriales"},"content":{"rendered":"\n<figure class=\"wp-block-image alignfull size-large\" style=\"margin-top:0;margin-bottom:0\"><img loading=\"lazy\" decoding=\"async\" width=\"1024\" height=\"283\" src=\"https:\/\/bhmetalspro.com\/wp-content\/uploads\/2025\/09\/Banner-Final-Materiales-Industriales-1024x283.png\" alt=\"\" class=\"wp-image-783\" srcset=\"https:\/\/bhmetalspro.com\/wp-content\/uploads\/2025\/09\/Banner-Final-Materiales-Industriales-1024x283.png 1024w, https:\/\/bhmetalspro.com\/wp-content\/uploads\/2025\/09\/Banner-Final-Materiales-Industriales-300x83.png 300w, https:\/\/bhmetalspro.com\/wp-content\/uploads\/2025\/09\/Banner-Final-Materiales-Industriales-768x212.png 768w, https:\/\/bhmetalspro.com\/wp-content\/uploads\/2025\/09\/Banner-Final-Materiales-Industriales-1536x424.png 1536w, https:\/\/bhmetalspro.com\/wp-content\/uploads\/2025\/09\/Banner-Final-Materiales-Industriales.png 1920w\" sizes=\"auto, (max-width: 1024px) 100vw, 1024px\" \/><\/figure>\n\n\n\n<h2 class=\"wp-block-heading\">Materiales Industriales<\/h2>\n\n\n\n<p>En BH Metals Pro ofrecemos una amplia gama de materiales industriales dise\u00f1ados para responder a las exigencias de los sectores m\u00e1s rigurosos. Nos especializamos en productos durables, certificados y con excelente desempe\u00f1o en obra.<\/p>\n\n\n<div class=\"wp-block-image\">\n<figure class=\"aligncenter size-large\" style=\"margin-right:0;margin-left:0\"><img loading=\"lazy\" decoding=\"async\" width=\"1024\" height=\"289\" src=\"https:\/\/bhmetalspro.com\/wp-content\/uploads\/2025\/09\/Galvanox-Nuevo-1024x289.png\" alt=\"\" class=\"wp-image-781\" srcset=\"https:\/\/bhmetalspro.com\/wp-content\/uploads\/2025\/09\/Galvanox-Nuevo-1024x289.png 1024w, https:\/\/bhmetalspro.com\/wp-content\/uploads\/2025\/09\/Galvanox-Nuevo-300x85.png 300w, https:\/\/bhmetalspro.com\/wp-content\/uploads\/2025\/09\/Galvanox-Nuevo-768x217.png 768w, https:\/\/bhmetalspro.com\/wp-content\/uploads\/2025\/09\/Galvanox-Nuevo.png 1246w\" sizes=\"auto, (max-width: 1024px) 100vw, 1024px\" \/><\/figure>\n<\/div>\n\n<div class=\"wp-block-image\">\n<figure class=\"aligncenter size-large\" style=\"margin-right:0;margin-left:0\"><img loading=\"lazy\" decoding=\"async\" width=\"1024\" height=\"289\" src=\"https:\/\/bhmetalspro.com\/wp-content\/uploads\/2025\/07\/Vigas-y-Bridas-1024x289.webp\" alt=\"\" class=\"wp-image-423\" srcset=\"https:\/\/bhmetalspro.com\/wp-content\/uploads\/2025\/07\/Vigas-y-Bridas-1024x289.webp 1024w, https:\/\/bhmetalspro.com\/wp-content\/uploads\/2025\/07\/Vigas-y-Bridas-300x85.webp 300w, https:\/\/bhmetalspro.com\/wp-content\/uploads\/2025\/07\/Vigas-y-Bridas-768x217.webp 768w, https:\/\/bhmetalspro.com\/wp-content\/uploads\/2025\/07\/Vigas-y-Bridas.webp 1248w\" sizes=\"auto, (max-width: 1024px) 100vw, 1024px\" \/><\/figure>\n<\/div>\n\n<div class=\"wp-block-image\">\n<figure class=\"aligncenter size-large\" style=\"margin-right:0;margin-left:0\"><img loading=\"lazy\" decoding=\"async\" width=\"1024\" height=\"289\" src=\"https:\/\/bhmetalspro.com\/wp-content\/uploads\/2025\/07\/Tubos-y-Codos-1024x289.webp\" alt=\"\" class=\"wp-image-425\" srcset=\"https:\/\/bhmetalspro.com\/wp-content\/uploads\/2025\/07\/Tubos-y-Codos-1024x289.webp 1024w, https:\/\/bhmetalspro.com\/wp-content\/uploads\/2025\/07\/Tubos-y-Codos-300x85.webp 300w, https:\/\/bhmetalspro.com\/wp-content\/uploads\/2025\/07\/Tubos-y-Codos-768x217.webp 768w, https:\/\/bhmetalspro.com\/wp-content\/uploads\/2025\/07\/Tubos-y-Codos.webp 1248w\" sizes=\"auto, (max-width: 1024px) 100vw, 1024px\" \/><\/figure>\n<\/div>\n\n<div class=\"wp-block-image\">\n<figure class=\"aligncenter size-large\" style=\"margin-right:0;margin-left:0\"><img loading=\"lazy\" decoding=\"async\" width=\"1024\" height=\"290\" src=\"https:\/\/bhmetalspro.com\/wp-content\/uploads\/2025\/08\/Arandelas-nuevo-1024x290.webp\" alt=\"\" class=\"wp-image-693\" srcset=\"https:\/\/bhmetalspro.com\/wp-content\/uploads\/2025\/08\/Arandelas-nuevo-1024x290.webp 1024w, https:\/\/bhmetalspro.com\/wp-content\/uploads\/2025\/08\/Arandelas-nuevo-300x85.webp 300w, https:\/\/bhmetalspro.com\/wp-content\/uploads\/2025\/08\/Arandelas-nuevo-768x217.webp 768w, https:\/\/bhmetalspro.com\/wp-content\/uploads\/2025\/08\/Arandelas-nuevo.webp 1245w\" sizes=\"auto, (max-width: 1024px) 100vw, 1024px\" \/><\/figure>\n<\/div>\n\n\n<p><\/p>\n","protected":false},"excerpt":{"rendered":"<p>Materiales Industriales En BH Metals Pro ofrecemos una amplia gama de materiales industriales dise\u00f1ados para responder a las exigencias de los sectores m\u00e1s rigurosos. Nos especializamos en productos durables, certificados y con excelente desempe\u00f1o en obra.<\/p>\n","protected":false},"author":1,"featured_media":0,"parent":0,"menu_order":0,"comment_status":"closed","ping_status":"closed","template":"","meta":{"_kadence_starter_templates_imported_post":false,"_kad_post_transparent":"disable","_kad_post_title":"hide","_kad_post_layout":"default","_kad_post_sidebar_id":"","_kad_post_content_style":"unboxed","_kad_post_vertical_padding":"default","_kad_post_feature":"","_kad_post_feature_position":"","_kad_post_header":false,"_kad_post_footer":false,"footnotes":""},"class_list":["post-16","page","type-page","status-publish","hentry"],"_links":{"self":[{"href":"https:\/\/bhmetalspro.com\/index.php\/wp-json\/wp\/v2\/pages\/16","targetHints":{"allow":["GET"]}}],"collection":[{"href":"https:\/\/bhmetalspro.com\/index.php\/wp-json\/wp\/v2\/pages"}],"about":[{"href":"https:\/\/bhmetalspro.com\/index.php\/wp-json\/wp\/v2\/types\/page"}],"author":[{"embeddable":true,"href":"https:\/\/bhmetalspro.com\/index.php\/wp-json\/wp\/v2\/users\/1"}],"replies":[{"embeddable":true,"href":"https:\/\/bhmetalspro.com\/index.php\/wp-json\/wp\/v2\/comments?post=16"}],"version-history":[{"count":34,"href":"https:\/\/bhmetalspro.com\/index.php\/wp-json\/wp\/v2\/pages\/16\/revisions"}],"predecessor-version":[{"id":784,"href":"https:\/\/bhmetalspro.com\/index.php\/wp-json\/wp\/v2\/pages\/16\/revisions\/784"}],"wp:attachment":[{"href":"https:\/\/bhmetalspro.com\/index.php\/wp-json\/wp\/v2\/media?parent=16"}],"curies":[{"name":"wp","href":"https:\/\/api.w.org\/{rel}","templated":true}]}}