{"id":15,"date":"2025-04-23T12:15:53","date_gmt":"2025-04-23T12:15:53","guid":{"rendered":"https:\/\/bhmetalspro.com\/?page_id=15"},"modified":"2025-07-22T08:08:56","modified_gmt":"2025-07-22T08:08:56","slug":"elementos-de-ajuste-y-sujecion","status":"publish","type":"page","link":"https:\/\/bhmetalspro.com\/index.php\/elementos-de-ajuste-y-sujecion\/","title":{"rendered":"Elementos de ajuste y sujeci\u00f3n"},"content":{"rendered":"<style>.kadence-column15_50ed14-60 > .kt-inside-inner-col,.kadence-column15_50ed14-60 > .kt-inside-inner-col:before{border-top-left-radius:0px;border-top-right-radius:0px;border-bottom-right-radius:0px;border-bottom-left-radius:0px;}.kadence-column15_50ed14-60 > .kt-inside-inner-col{column-gap:var(--global-kb-gap-sm, 1rem);}.kadence-column15_50ed14-60 > .kt-inside-inner-col{flex-direction:column;}.kadence-column15_50ed14-60 > .kt-inside-inner-col > .aligncenter{width:100%;}.kadence-column15_50ed14-60 > .kt-inside-inner-col:before{opacity:0.3;}.kadence-column15_50ed14-60{position:relative;}@media all and (max-width: 1024px){.kadence-column15_50ed14-60 > .kt-inside-inner-col{flex-direction:column;justify-content:center;}}@media all and (max-width: 767px){.kadence-column15_50ed14-60 > .kt-inside-inner-col{flex-direction:column;justify-content:center;}}<\/style>\n<div class=\"wp-block-kadence-column kadence-column15_50ed14-60\"><div class=\"kt-inside-inner-col\">\n<figure class=\"wp-block-image alignfull size-large\"><img loading=\"lazy\" decoding=\"async\" width=\"1024\" height=\"283\" src=\"https:\/\/bhmetalspro.com\/wp-content\/uploads\/2025\/06\/Banner-Interna-Elementos-de-Ajuste-1024x283.webp\" alt=\"\" class=\"wp-image-287\" srcset=\"https:\/\/bhmetalspro.com\/wp-content\/uploads\/2025\/06\/Banner-Interna-Elementos-de-Ajuste-1024x283.webp 1024w, https:\/\/bhmetalspro.com\/wp-content\/uploads\/2025\/06\/Banner-Interna-Elementos-de-Ajuste-300x83.webp 300w, https:\/\/bhmetalspro.com\/wp-content\/uploads\/2025\/06\/Banner-Interna-Elementos-de-Ajuste-768x212.webp 768w, https:\/\/bhmetalspro.com\/wp-content\/uploads\/2025\/06\/Banner-Interna-Elementos-de-Ajuste-1536x425.webp 1536w, https:\/\/bhmetalspro.com\/wp-content\/uploads\/2025\/06\/Banner-Interna-Elementos-de-Ajuste.webp 1920w\" sizes=\"auto, (max-width: 1024px) 100vw, 1024px\" \/><\/figure>\n<\/div><\/div>\n\n\n\n<h1 class=\"wp-block-heading\" style=\"border-style:none;border-width:0px;border-radius:0px;margin-top:var(--wp--preset--spacing--60);margin-bottom:0\">M\u00e1ximo ajuste<\/h1>\n\n\n\n<p style=\"margin-top:var(--wp--preset--spacing--30);margin-right:0;margin-bottom:var(--wp--preset--spacing--60);margin-left:0\"><strong>Los elementos de ajuste y sujeci\u00f3n abarcan una variedad de componentes dise\u00f1ados para unir, fijar o asegurar piezas en distintos tipos de estructuras, maquinarias y construcciones, en la cual encontramos lo siguiente:<\/strong><\/p>\n\n\n<style>.kb-image15_20a36d-44 .kb-image-has-overlay:after{opacity:0.3;}<\/style>\n<div class=\"wp-block-kadence-image kb-image15_20a36d-44\"><figure class=\"aligncenter size-large\"><img loading=\"lazy\" decoding=\"async\" width=\"1024\" height=\"289\" src=\"https:\/\/bhmetalspro.com\/wp-content\/uploads\/2025\/07\/Interna-Pernos-HEx-corregido-1024x289.webp\" alt=\"\" class=\"kb-img wp-image-382\" srcset=\"https:\/\/bhmetalspro.com\/wp-content\/uploads\/2025\/07\/Interna-Pernos-HEx-corregido-1024x289.webp 1024w, https:\/\/bhmetalspro.com\/wp-content\/uploads\/2025\/07\/Interna-Pernos-HEx-corregido-300x85.webp 300w, https:\/\/bhmetalspro.com\/wp-content\/uploads\/2025\/07\/Interna-Pernos-HEx-corregido-768x217.webp 768w, https:\/\/bhmetalspro.com\/wp-content\/uploads\/2025\/07\/Interna-Pernos-HEx-corregido.webp 1246w\" sizes=\"auto, (max-width: 1024px) 100vw, 1024px\" \/><\/figure><\/div>\n\n\n<style>.kb-image15_72d053-76 .kb-image-has-overlay:after{opacity:0.3;}<\/style>\n<div class=\"wp-block-kadence-image kb-image15_72d053-76\"><figure class=\"aligncenter size-large\"><img loading=\"lazy\" decoding=\"async\" width=\"1024\" height=\"289\" src=\"https:\/\/bhmetalspro.com\/wp-content\/uploads\/2025\/07\/Interna-pernos-Socket-1024x289.webp\" alt=\"\" class=\"kb-img wp-image-385\" srcset=\"https:\/\/bhmetalspro.com\/wp-content\/uploads\/2025\/07\/Interna-pernos-Socket-1024x289.webp 1024w, https:\/\/bhmetalspro.com\/wp-content\/uploads\/2025\/07\/Interna-pernos-Socket-300x85.webp 300w, https:\/\/bhmetalspro.com\/wp-content\/uploads\/2025\/07\/Interna-pernos-Socket-768x217.webp 768w, https:\/\/bhmetalspro.com\/wp-content\/uploads\/2025\/07\/Interna-pernos-Socket.webp 1248w\" sizes=\"auto, (max-width: 1024px) 100vw, 1024px\" \/><\/figure><\/div>\n\n\n<style>.kb-image15_42b1b0-a5 .kb-image-has-overlay:after{opacity:0.3;}<\/style>\n<div class=\"wp-block-kadence-image kb-image15_42b1b0-a5\"><figure class=\"aligncenter size-large\"><img loading=\"lazy\" decoding=\"async\" width=\"1024\" height=\"288\" src=\"https:\/\/bhmetalspro.com\/wp-content\/uploads\/2025\/07\/Interna-Tuercas-1024x288.webp\" alt=\"\" class=\"kb-img wp-image-388\" srcset=\"https:\/\/bhmetalspro.com\/wp-content\/uploads\/2025\/07\/Interna-Tuercas-1024x288.webp 1024w, https:\/\/bhmetalspro.com\/wp-content\/uploads\/2025\/07\/Interna-Tuercas-300x84.webp 300w, https:\/\/bhmetalspro.com\/wp-content\/uploads\/2025\/07\/Interna-Tuercas-768x216.webp 768w, https:\/\/bhmetalspro.com\/wp-content\/uploads\/2025\/07\/Interna-Tuercas.webp 1248w\" sizes=\"auto, (max-width: 1024px) 100vw, 1024px\" \/><\/figure><\/div>\n\n\n<style>.kb-image15_87a96b-bf .kb-image-has-overlay:after{opacity:0.3;}<\/style>\n<div class=\"wp-block-kadence-image kb-image15_87a96b-bf\"><figure class=\"aligncenter size-large\"><img loading=\"lazy\" decoding=\"async\" width=\"1024\" height=\"288\" src=\"https:\/\/bhmetalspro.com\/wp-content\/uploads\/2025\/07\/Interna-Esparragos-Corregido-1024x288.webp\" alt=\"\" class=\"kb-img wp-image-392\" srcset=\"https:\/\/bhmetalspro.com\/wp-content\/uploads\/2025\/07\/Interna-Esparragos-Corregido-1024x288.webp 1024w, https:\/\/bhmetalspro.com\/wp-content\/uploads\/2025\/07\/Interna-Esparragos-Corregido-300x84.webp 300w, https:\/\/bhmetalspro.com\/wp-content\/uploads\/2025\/07\/Interna-Esparragos-Corregido-768x216.webp 768w, https:\/\/bhmetalspro.com\/wp-content\/uploads\/2025\/07\/Interna-Esparragos-Corregido.webp 1250w\" sizes=\"auto, (max-width: 1024px) 100vw, 1024px\" \/><\/figure><\/div>\n","protected":false},"excerpt":{"rendered":"<p>M\u00e1ximo ajuste Los elementos de ajuste y sujeci\u00f3n abarcan una variedad de componentes dise\u00f1ados para unir, fijar o asegurar piezas en distintos tipos de estructuras, maquinarias y construcciones, en la cual encontramos lo siguiente:<\/p>\n","protected":false},"author":1,"featured_media":0,"parent":0,"menu_order":0,"comment_status":"closed","ping_status":"closed","template":"","meta":{"_kadence_starter_templates_imported_post":false,"_kad_post_transparent":"default","_kad_post_title":"hide","_kad_post_layout":"","_kad_post_sidebar_id":"","_kad_post_content_style":"unboxed","_kad_post_vertical_padding":"","_kad_post_feature":"","_kad_post_feature_position":"","_kad_post_header":false,"_kad_post_footer":false,"footnotes":""},"class_list":["post-15","page","type-page","status-publish","hentry"],"_links":{"self":[{"href":"https:\/\/bhmetalspro.com\/index.php\/wp-json\/wp\/v2\/pages\/15","targetHints":{"allow":["GET"]}}],"collection":[{"href":"https:\/\/bhmetalspro.com\/index.php\/wp-json\/wp\/v2\/pages"}],"about":[{"href":"https:\/\/bhmetalspro.com\/index.php\/wp-json\/wp\/v2\/types\/page"}],"author":[{"embeddable":true,"href":"https:\/\/bhmetalspro.com\/index.php\/wp-json\/wp\/v2\/users\/1"}],"replies":[{"embeddable":true,"href":"https:\/\/bhmetalspro.com\/index.php\/wp-json\/wp\/v2\/comments?post=15"}],"version-history":[{"count":55,"href":"https:\/\/bhmetalspro.com\/index.php\/wp-json\/wp\/v2\/pages\/15\/revisions"}],"predecessor-version":[{"id":564,"href":"https:\/\/bhmetalspro.com\/index.php\/wp-json\/wp\/v2\/pages\/15\/revisions\/564"}],"wp:attachment":[{"href":"https:\/\/bhmetalspro.com\/index.php\/wp-json\/wp\/v2\/media?parent=15"}],"curies":[{"name":"wp","href":"https:\/\/api.w.org\/{rel}","templated":true}]}}